{"id":1488,"date":"2024-10-23T05:26:33","date_gmt":"2024-10-23T05:26:33","guid":{"rendered":"https:\/\/hurricanesafetyprogram.org\/contactanos\/"},"modified":"2025-02-03T05:51:48","modified_gmt":"2025-02-03T05:51:48","slug":"contactanos","status":"publish","type":"page","link":"https:\/\/hurricanesafetyprogram.org\/es\/contactanos\/","title":{"rendered":"Cont\u00e1ctanos"},"content":{"rendered":"\t\t<div data-elementor-type=\"wp-page\" data-elementor-id=\"1488\" class=\"elementor elementor-1488 elementor-31\" data-elementor-post-type=\"page\">\n\t\t\t\t<div class=\"elementor-element elementor-element-4961452 e-flex e-con-boxed e-con e-parent\" data-id=\"4961452\" data-element_type=\"container\" data-settings=\"{&quot;background_background&quot;:&quot;classic&quot;}\">\n\t\t\t\t\t<div class=\"e-con-inner\">\n\t\t\t\t<div class=\"elementor-element elementor-element-d74e8bd elementor-widget elementor-widget-heading\" data-id=\"d74e8bd\" data-element_type=\"widget\" data-widget_type=\"heading.default\">\n\t\t\t\t<div class=\"elementor-widget-container\">\n\t\t\t\t\t<h1 class=\"elementor-heading-title elementor-size-default\">Estamos Aqu\u00ed Para Proteger Tu Casa<\/h1>\t\t\t\t<\/div>\n\t\t\t\t<\/div>\n\t\t\t\t<div class=\"elementor-element elementor-element-8f55e5f elementor-widget elementor-widget-text-editor\" data-id=\"8f55e5f\" data-element_type=\"widget\" data-widget_type=\"text-editor.default\">\n\t\t\t\t<div class=\"elementor-widget-container\">\n\t\t\t\t\t\t\t\t\t<p>\u00bfTe aumentaron tu seguro de casa o te preocupa el da\u00f1o por huracanes? El Programa de Seguridad contra Huracanes est\u00e1 aqu\u00ed para ayudarte. Evaluaremos tu techo, ventanas y puertas, ofreciendo mejoras accesibles que cumplen con los est\u00e1ndares de huracanes de la Florida. Con $0 de inicial y excelentes rese\u00f1as de due\u00f1os de casa satisfechos, hacemos que sea f\u00e1cil proteger tu casa y ahorrar en el seguro. Ll\u00e1manos hoy para una evaluaci\u00f3n gratuita y sin compromiso.<\/p>\n\t\t\t\t\t\t\t\t<\/div>\n\t\t\t\t<\/div>\n\t\t\t\t<div class=\"elementor-element elementor-element-370de4d elementor-align-center elementor-widget elementor-widget-button\" data-id=\"370de4d\" data-element_type=\"widget\" data-widget_type=\"button.default\">\n\t\t\t\t<div class=\"elementor-widget-container\">\n\t\t\t\t\t\t\t\t\t<div class=\"elementor-button-wrapper\">\n\t\t\t\t\t<a class=\"elementor-button elementor-button-link elementor-size-sm\" href=\"tel:+17869524136\">\n\t\t\t\t\t\t<span class=\"elementor-button-content-wrapper\">\n\t\t\t\t\t\t<span class=\"elementor-button-icon\">\n\t\t\t\t<svg xmlns=\"http:\/\/www.w3.org\/2000\/svg\" width=\"16\" height=\"16\" viewBox=\"0 0 16 16\" fill=\"none\"><path d=\"M12.6667 8L3.33335 8M12.6667 8L8.66669 12M12.6667 8L8.66669 4\" stroke=\"white\" stroke-width=\"2\" stroke-linecap=\"round\" stroke-linejoin=\"round\"><\/path><\/svg>\t\t\t<\/span>\n\t\t\t\t\t\t\t\t\t<span class=\"elementor-button-text\">Llama o env\u00eda un mensaje al (+1) 786-952-4136<\/span>\n\t\t\t\t\t<\/span>\n\t\t\t\t\t<\/a>\n\t\t\t\t<\/div>\n\t\t\t\t\t\t\t\t<\/div>\n\t\t\t\t<\/div>\n\t\t\t\t<div class=\"elementor-element elementor-element-27aaeed elementor-widget elementor-widget-html\" data-id=\"27aaeed\" data-element_type=\"widget\" data-widget_type=\"html.default\">\n\t\t\t\t<div class=\"elementor-widget-container\">\n\t\t\t\t\t\n    <iframe id=\"JotFormIFrame-243035414806350\" title=\"HSP - Cont\u00e1ctanos\" onload=\"window.parent.scrollTo(0,0)\" allowtransparency=\"true\" allow=\"geolocation; microphone; camera; fullscreen\" src=\"https:\/\/form.jotform.com\/243035414806350\" frameborder=\"0\" style=\"min-width:100%;max-width:100%;border:none; height: 100%;\" scrolling=\"yes\">\n    <\/iframe>\n    <script src=\"https:\/\/cdn.jotfor.ms\/s\/umd\/latest\/for-form-embed-handler.js\"><\/script>\n    <script>window.jotformEmbedHandler(\"iframe[id='JotFormIFrame-243035414806350']\", \"https:\/\/form.jotform.com\/\")<\/script>\n    \t\t\t\t<\/div>\n\t\t\t\t<\/div>\n\t\t\t\t\t<\/div>\n\t\t\t\t<\/div>\n\t\t<div class=\"elementor-element elementor-element-09752f3 e-flex e-con-boxed e-con e-parent\" data-id=\"09752f3\" data-element_type=\"container\">\n\t\t\t\t\t<div class=\"e-con-inner\">\n\t\t\t\t<div class=\"elementor-element elementor-element-cb7c1ce elementor-widget elementor-widget-heading\" data-id=\"cb7c1ce\" data-element_type=\"widget\" data-widget_type=\"heading.default\">\n\t\t\t\t<div class=\"elementor-widget-container\">\n\t\t\t\t\t<h2 class=\"elementor-heading-title elementor-size-default\">Propietarios Reales, Apoyo Real<\/h2>\t\t\t\t<\/div>\n\t\t\t\t<\/div>\n\t\t\t\t\t<\/div>\n\t\t\t\t<\/div>\n\t\t<div class=\"elementor-element elementor-element-ebeb1bf e-flex e-con-boxed e-con e-parent\" data-id=\"ebeb1bf\" data-element_type=\"container\">\n\t\t\t\t\t<div class=\"e-con-inner\">\n\t\t\t\t<div class=\"elementor-element elementor-element-0892ec7 elementor-grid-4 elementor-grid-tablet-2 elementor-grid-mobile-1 elementor-widget elementor-widget-loop-grid\" data-id=\"0892ec7\" data-element_type=\"widget\" data-settings=\"{&quot;template_id&quot;:441,&quot;columns&quot;:4,&quot;_skin&quot;:&quot;post&quot;,&quot;columns_tablet&quot;:&quot;2&quot;,&quot;columns_mobile&quot;:&quot;1&quot;,&quot;edit_handle_selector&quot;:&quot;[data-elementor-type=\\&quot;loop-item\\&quot;]&quot;,&quot;row_gap&quot;:{&quot;unit&quot;:&quot;px&quot;,&quot;size&quot;:&quot;&quot;,&quot;sizes&quot;:[]},&quot;row_gap_laptop&quot;:{&quot;unit&quot;:&quot;px&quot;,&quot;size&quot;:&quot;&quot;,&quot;sizes&quot;:[]},&quot;row_gap_tablet_extra&quot;:{&quot;unit&quot;:&quot;px&quot;,&quot;size&quot;:&quot;&quot;,&quot;sizes&quot;:[]},&quot;row_gap_tablet&quot;:{&quot;unit&quot;:&quot;px&quot;,&quot;size&quot;:&quot;&quot;,&quot;sizes&quot;:[]},&quot;row_gap_mobile&quot;:{&quot;unit&quot;:&quot;px&quot;,&quot;size&quot;:&quot;&quot;,&quot;sizes&quot;:[]}}\" data-widget_type=\"loop-grid.post\">\n\t\t\t\t<div class=\"elementor-widget-container\">\n\t\t\t\t\t\t\t<div class=\"e-loop-nothing-found-message\">\n\t\t<\/div>\n\t\t\t\t\t\t<\/div>\n\t\t\t\t<\/div>\n\t\t\t\t\t<\/div>\n\t\t\t\t<\/div>\n\t\t\t\t<\/div>\n\t\t","protected":false},"excerpt":{"rendered":"<p>Estamos Aqu\u00ed Para Proteger Tu Casa \u00bfTe aumentaron tu seguro de casa o te preocupa el da\u00f1o por huracanes? El Programa de Seguridad contra Huracanes est\u00e1 aqu\u00ed para ayudarte. Evaluaremos tu techo, ventanas y puertas, ofreciendo mejoras accesibles que cumplen con los est\u00e1ndares de huracanes de la Florida. Con $0 de inicial y excelentes rese\u00f1as [&hellip;]<\/p>\n","protected":false},"author":1,"featured_media":0,"parent":0,"menu_order":0,"comment_status":"closed","ping_status":"closed","template":"","meta":{"_acf_changed":false,"inline_featured_image":false,"footnotes":""},"class_list":["post-1488","page","type-page","status-publish","hentry"],"acf":[],"yoast_head":"<!-- This site is optimized with the Yoast SEO plugin v26.5 - https:\/\/yoast.com\/wordpress\/plugins\/seo\/ -->\n<title>Cont\u00e1ctanos - Hurricane Safety Program<\/title>\n<meta name=\"robots\" content=\"index, follow, max-snippet:-1, max-image-preview:large, max-video-preview:-1\" \/>\n<link rel=\"canonical\" href=\"https:\/\/hurricanesafetyprogram.org\/es\/contactanos\/\" \/>\n<meta property=\"og:locale\" content=\"es_ES\" \/>\n<meta property=\"og:type\" content=\"article\" \/>\n<meta property=\"og:title\" content=\"Cont\u00e1ctanos - Hurricane Safety Program\" \/>\n<meta property=\"og:description\" content=\"Estamos Aqu\u00ed Para Proteger Tu Casa \u00bfTe aumentaron tu seguro de casa o te preocupa el da\u00f1o por huracanes? El Programa de Seguridad contra Huracanes est\u00e1 aqu\u00ed para ayudarte. Evaluaremos tu techo, ventanas y puertas, ofreciendo mejoras accesibles que cumplen con los est\u00e1ndares de huracanes de la Florida. Con $0 de inicial y excelentes rese\u00f1as [&hellip;]\" \/>\n<meta property=\"og:url\" content=\"https:\/\/hurricanesafetyprogram.org\/es\/contactanos\/\" \/>\n<meta property=\"og:site_name\" content=\"Hurricane Safety Program\" \/>\n<meta property=\"article:publisher\" content=\"https:\/\/www.facebook.com\/HurricaneSafetyProgram\" \/>\n<meta property=\"article:modified_time\" content=\"2025-02-03T05:51:48+00:00\" \/>\n<meta name=\"twitter:card\" content=\"summary_large_image\" \/>\n<meta name=\"twitter:label1\" content=\"Tiempo de lectura\" \/>\n\t<meta name=\"twitter:data1\" content=\"1 minuto\" \/>\n<script type=\"application\/ld+json\" class=\"yoast-schema-graph\">{\"@context\":\"https:\/\/schema.org\",\"@graph\":[{\"@type\":\"WebPage\",\"@id\":\"https:\/\/hurricanesafetyprogram.org\/es\/contactanos\/\",\"url\":\"https:\/\/hurricanesafetyprogram.org\/es\/contactanos\/\",\"name\":\"Cont\u00e1ctanos - Hurricane Safety Program\",\"isPartOf\":{\"@id\":\"https:\/\/hurricanesafetyprogram.org\/es\/#website\"},\"datePublished\":\"2024-10-23T05:26:33+00:00\",\"dateModified\":\"2025-02-03T05:51:48+00:00\",\"breadcrumb\":{\"@id\":\"https:\/\/hurricanesafetyprogram.org\/es\/contactanos\/#breadcrumb\"},\"inLanguage\":\"es\",\"potentialAction\":[{\"@type\":\"ReadAction\",\"target\":[\"https:\/\/hurricanesafetyprogram.org\/es\/contactanos\/\"]}]},{\"@type\":\"BreadcrumbList\",\"@id\":\"https:\/\/hurricanesafetyprogram.org\/es\/contactanos\/#breadcrumb\",\"itemListElement\":[{\"@type\":\"ListItem\",\"position\":1,\"name\":\"Home\",\"item\":\"https:\/\/hurricanesafetyprogram.org\/es\/\"},{\"@type\":\"ListItem\",\"position\":2,\"name\":\"Cont\u00e1ctanos\"}]},{\"@type\":\"WebSite\",\"@id\":\"https:\/\/hurricanesafetyprogram.org\/es\/#website\",\"url\":\"https:\/\/hurricanesafetyprogram.org\/es\/\",\"name\":\"Hurricane Safety Program\",\"description\":\"The \u201cHurricane Safety Program\u201d is a unique initiative aimed at fortifying homes in Florida against the devastating effects of hurricanes.\",\"publisher\":{\"@id\":\"https:\/\/hurricanesafetyprogram.org\/es\/#organization\"},\"potentialAction\":[{\"@type\":\"SearchAction\",\"target\":{\"@type\":\"EntryPoint\",\"urlTemplate\":\"https:\/\/hurricanesafetyprogram.org\/es\/?s={search_term_string}\"},\"query-input\":{\"@type\":\"PropertyValueSpecification\",\"valueRequired\":true,\"valueName\":\"search_term_string\"}}],\"inLanguage\":\"es\"},{\"@type\":\"Organization\",\"@id\":\"https:\/\/hurricanesafetyprogram.org\/es\/#organization\",\"name\":\"Hurricane Safety Program\",\"url\":\"https:\/\/hurricanesafetyprogram.org\/es\/\",\"logo\":{\"@type\":\"ImageObject\",\"inLanguage\":\"es\",\"@id\":\"https:\/\/hurricanesafetyprogram.org\/es\/#\/schema\/logo\/image\/\",\"url\":\"https:\/\/hurricanesafetyprogram.org\/wp-content\/uploads\/2024\/10\/hurricane-safety-program-logo.svg\",\"contentUrl\":\"https:\/\/hurricanesafetyprogram.org\/wp-content\/uploads\/2024\/10\/hurricane-safety-program-logo.svg\",\"width\":1079,\"height\":320,\"caption\":\"Hurricane Safety Program\"},\"image\":{\"@id\":\"https:\/\/hurricanesafetyprogram.org\/es\/#\/schema\/logo\/image\/\"},\"sameAs\":[\"https:\/\/www.facebook.com\/HurricaneSafetyProgram\"]}]}<\/script>\n<!-- \/ Yoast SEO plugin. -->","yoast_head_json":{"title":"Cont\u00e1ctanos - Hurricane Safety Program","robots":{"index":"index","follow":"follow","max-snippet":"max-snippet:-1","max-image-preview":"max-image-preview:large","max-video-preview":"max-video-preview:-1"},"canonical":"https:\/\/hurricanesafetyprogram.org\/es\/contactanos\/","og_locale":"es_ES","og_type":"article","og_title":"Cont\u00e1ctanos - Hurricane Safety Program","og_description":"Estamos Aqu\u00ed Para Proteger Tu Casa \u00bfTe aumentaron tu seguro de casa o te preocupa el da\u00f1o por huracanes? El Programa de Seguridad contra Huracanes est\u00e1 aqu\u00ed para ayudarte. Evaluaremos tu techo, ventanas y puertas, ofreciendo mejoras accesibles que cumplen con los est\u00e1ndares de huracanes de la Florida. Con $0 de inicial y excelentes rese\u00f1as [&hellip;]","og_url":"https:\/\/hurricanesafetyprogram.org\/es\/contactanos\/","og_site_name":"Hurricane Safety Program","article_publisher":"https:\/\/www.facebook.com\/HurricaneSafetyProgram","article_modified_time":"2025-02-03T05:51:48+00:00","twitter_card":"summary_large_image","twitter_misc":{"Tiempo de lectura":"1 minuto"},"schema":{"@context":"https:\/\/schema.org","@graph":[{"@type":"WebPage","@id":"https:\/\/hurricanesafetyprogram.org\/es\/contactanos\/","url":"https:\/\/hurricanesafetyprogram.org\/es\/contactanos\/","name":"Cont\u00e1ctanos - Hurricane Safety Program","isPartOf":{"@id":"https:\/\/hurricanesafetyprogram.org\/es\/#website"},"datePublished":"2024-10-23T05:26:33+00:00","dateModified":"2025-02-03T05:51:48+00:00","breadcrumb":{"@id":"https:\/\/hurricanesafetyprogram.org\/es\/contactanos\/#breadcrumb"},"inLanguage":"es","potentialAction":[{"@type":"ReadAction","target":["https:\/\/hurricanesafetyprogram.org\/es\/contactanos\/"]}]},{"@type":"BreadcrumbList","@id":"https:\/\/hurricanesafetyprogram.org\/es\/contactanos\/#breadcrumb","itemListElement":[{"@type":"ListItem","position":1,"name":"Home","item":"https:\/\/hurricanesafetyprogram.org\/es\/"},{"@type":"ListItem","position":2,"name":"Cont\u00e1ctanos"}]},{"@type":"WebSite","@id":"https:\/\/hurricanesafetyprogram.org\/es\/#website","url":"https:\/\/hurricanesafetyprogram.org\/es\/","name":"Hurricane Safety Program","description":"The \u201cHurricane Safety Program\u201d is a unique initiative aimed at fortifying homes in Florida against the devastating effects of hurricanes.","publisher":{"@id":"https:\/\/hurricanesafetyprogram.org\/es\/#organization"},"potentialAction":[{"@type":"SearchAction","target":{"@type":"EntryPoint","urlTemplate":"https:\/\/hurricanesafetyprogram.org\/es\/?s={search_term_string}"},"query-input":{"@type":"PropertyValueSpecification","valueRequired":true,"valueName":"search_term_string"}}],"inLanguage":"es"},{"@type":"Organization","@id":"https:\/\/hurricanesafetyprogram.org\/es\/#organization","name":"Hurricane Safety Program","url":"https:\/\/hurricanesafetyprogram.org\/es\/","logo":{"@type":"ImageObject","inLanguage":"es","@id":"https:\/\/hurricanesafetyprogram.org\/es\/#\/schema\/logo\/image\/","url":"https:\/\/hurricanesafetyprogram.org\/wp-content\/uploads\/2024\/10\/hurricane-safety-program-logo.svg","contentUrl":"https:\/\/hurricanesafetyprogram.org\/wp-content\/uploads\/2024\/10\/hurricane-safety-program-logo.svg","width":1079,"height":320,"caption":"Hurricane Safety Program"},"image":{"@id":"https:\/\/hurricanesafetyprogram.org\/es\/#\/schema\/logo\/image\/"},"sameAs":["https:\/\/www.facebook.com\/HurricaneSafetyProgram"]}]}},"_links":{"self":[{"href":"https:\/\/hurricanesafetyprogram.org\/es\/wp-json\/wp\/v2\/pages\/1488","targetHints":{"allow":["GET"]}}],"collection":[{"href":"https:\/\/hurricanesafetyprogram.org\/es\/wp-json\/wp\/v2\/pages"}],"about":[{"href":"https:\/\/hurricanesafetyprogram.org\/es\/wp-json\/wp\/v2\/types\/page"}],"author":[{"embeddable":true,"href":"https:\/\/hurricanesafetyprogram.org\/es\/wp-json\/wp\/v2\/users\/1"}],"replies":[{"embeddable":true,"href":"https:\/\/hurricanesafetyprogram.org\/es\/wp-json\/wp\/v2\/comments?post=1488"}],"version-history":[{"count":1,"href":"https:\/\/hurricanesafetyprogram.org\/es\/wp-json\/wp\/v2\/pages\/1488\/revisions"}],"predecessor-version":[{"id":1489,"href":"https:\/\/hurricanesafetyprogram.org\/es\/wp-json\/wp\/v2\/pages\/1488\/revisions\/1489"}],"wp:attachment":[{"href":"https:\/\/hurricanesafetyprogram.org\/es\/wp-json\/wp\/v2\/media?parent=1488"}],"curies":[{"name":"wp","href":"https:\/\/api.w.org\/{rel}","templated":true}]}}